{"id":5652,"date":"2026-01-07T01:43:09","date_gmt":"2026-01-07T01:43:09","guid":{"rendered":"https:\/\/www.fdyairblower.com\/?post_type=product&#038;p=5652"},"modified":"2026-01-07T01:43:09","modified_gmt":"2026-01-07T01:43:09","slug":"roots-blower-is-a-low-noise-medical-equipment-used-in-the-chemical-industry-for-wastewater-treatment","status":"publish","type":"product","link":"https:\/\/www.fdyairblower.com\/tr\/urun\/roots-blower-is-a-low-noise-medical-equipment-used-in-the-chemical-industry-for-wastewater-treatment\/","title":{"rendered":"Roots blower, kimya end\u00fcstrisinde at\u0131k su ar\u0131t\u0131m\u0131 i\u00e7in kullan\u0131lan d\u00fc\u015f\u00fck g\u00fcr\u00fclt\u00fcl\u00fc bir t\u0131bbi ekipmand\u0131r"},"content":{"rendered":"<p>\u00dc\u00e7 yaprakl\u0131 Roots \u00fcfleyici, kabuk, duvar paneli, pervane ve giri\u015f ve \u00e7\u0131k\u0131\u015f susturucusu gibi d\u00f6rt par\u00e7adan olu\u015fur.<br \/>\n1. G\u00f6vde: esas olarak duvar panellerini, pervaneleri, susturucular\u0131 ve sabit i\u015flevleri desteklemek i\u00e7in kullan\u0131l\u0131r.<br \/>\n2. Duvar plakas\u0131: esas olarak g\u00f6vdeyi ve pervaneyi ba\u011flamak ve pervanenin d\u00f6n\u00fc\u015f\u00fcn\u00fc desteklemek ve u\u00e7 contan\u0131n etkisini oynamak i\u00e7in kullan\u0131l\u0131r<br \/>\n3. Pervane: Roots fan\u0131n\u0131n d\u00f6nen k\u0131sm\u0131d\u0131r, iki kanatl\u0131 ve \u00fc\u00e7 kanatl\u0131 olarak ayr\u0131lm\u0131\u015ft\u0131r, \u015fimdi hava titre\u015fiminin iki kanad\u0131ndan \u00fc\u00e7 kanat k\u00fc\u00e7\u00fck, k\u00fc\u00e7\u00fck g\u00fcr\u00fclt\u00fc, d\u00fczg\u00fcn \u00e7al\u0131\u015fma ve di\u011fer bir\u00e7ok avantaj oldu\u011fu i\u00e7in, kademeli olarak Roots fan\u0131n\u0131n iki kanad\u0131n\u0131n yerini alm\u0131\u015ft\u0131r.<br \/>\n4. Susturucu: Hava titre\u015fimi nedeniyle Roots fan\u0131n\u0131n giri\u015f ve \u00e7\u0131k\u0131\u015f\u0131nda olu\u015fan g\u00fcr\u00fclt\u00fcy\u00fc azalt\u0131r.<\/p>\n<p><img alt=\"\" fetchpriority=\"high\" decoding=\"async\" class=\"alignnone size-full wp-image-5656 aligncenter\" src=\"https:\/\/www.fdyairblower.com\/wp-content\/uploads\/2026\/01\/Roots-blowern1.jpg\" width=\"790\" height=\"430\" srcset=\"https:\/\/www.fdyairblower.com\/wp-content\/uploads\/2026\/01\/Roots-blowern1.jpg 790w, https:\/\/www.fdyairblower.com\/wp-content\/uploads\/2026\/01\/Roots-blowern1-300x163.jpg 300w, https:\/\/www.fdyairblower.com\/wp-content\/uploads\/2026\/01\/Roots-blowern1-768x418.jpg 768w, https:\/\/www.fdyairblower.com\/wp-content\/uploads\/2026\/01\/Roots-blowern1-18x10.jpg 18w, https:\/\/www.fdyairblower.com\/wp-content\/uploads\/2026\/01\/Roots-blowern1-600x327.jpg 600w\" sizes=\"(max-width: 790px) 100vw, 790px\" \/> <img alt=\"\" decoding=\"async\" class=\"alignnone size-full wp-image-5657 aligncenter\" src=\"https:\/\/www.fdyairblower.com\/wp-content\/uploads\/2026\/01\/Roots-blowern2.jpg\" width=\"790\" height=\"730\" srcset=\"https:\/\/www.fdyairblower.com\/wp-content\/uploads\/2026\/01\/Roots-blowern2.jpg 790w, https:\/\/www.fdyairblower.com\/wp-content\/uploads\/2026\/01\/Roots-blowern2-300x277.jpg 300w, https:\/\/www.fdyairblower.com\/wp-content\/uploads\/2026\/01\/Roots-blowern2-768x710.jpg 768w, https:\/\/www.fdyairblower.com\/wp-content\/uploads\/2026\/01\/Roots-blowern2-13x12.jpg 13w, https:\/\/www.fdyairblower.com\/wp-content\/uploads\/2026\/01\/Roots-blowern2-600x554.jpg 600w\" sizes=\"(max-width: 790px) 100vw, 790px\" \/> <img alt=\"\" decoding=\"async\" class=\"alignnone size-full wp-image-5658 aligncenter\" src=\"https:\/\/www.fdyairblower.com\/wp-content\/uploads\/2026\/01\/Roots-blowern3.jpg\" width=\"790\" height=\"1020\" srcset=\"https:\/\/www.fdyairblower.com\/wp-content\/uploads\/2026\/01\/Roots-blowern3.jpg 790w, https:\/\/www.fdyairblower.com\/wp-content\/uploads\/2026\/01\/Roots-blowern3-232x300.jpg 232w, https:\/\/www.fdyairblower.com\/wp-content\/uploads\/2026\/01\/Roots-blowern3-768x992.jpg 768w, https:\/\/www.fdyairblower.com\/wp-content\/uploads\/2026\/01\/Roots-blowern3-9x12.jpg 9w, https:\/\/www.fdyairblower.com\/wp-content\/uploads\/2026\/01\/Roots-blowern3-600x775.jpg 600w\" sizes=\"(max-width: 790px) 100vw, 790px\" \/> <img alt=\"\" loading=\"lazy\" decoding=\"async\" class=\"alignnone size-full wp-image-5659 aligncenter\" src=\"https:\/\/www.fdyairblower.com\/wp-content\/uploads\/2026\/01\/Roots-blowern4.jpg\" width=\"790\" height=\"881\" srcset=\"https:\/\/www.fdyairblower.com\/wp-content\/uploads\/2026\/01\/Roots-blowern4.jpg 790w, https:\/\/www.fdyairblower.com\/wp-content\/uploads\/2026\/01\/Roots-blowern4-269x300.jpg 269w, https:\/\/www.fdyairblower.com\/wp-content\/uploads\/2026\/01\/Roots-blowern4-768x856.jpg 768w, https:\/\/www.fdyairblower.com\/wp-content\/uploads\/2026\/01\/Roots-blowern4-11x12.jpg 11w, https:\/\/www.fdyairblower.com\/wp-content\/uploads\/2026\/01\/Roots-blowern4-600x669.jpg 600w\" sizes=\"(max-width: 790px) 100vw, 790px\" \/> <img alt=\"\" loading=\"lazy\" decoding=\"async\" class=\"alignnone size-full wp-image-5660 aligncenter\" src=\"https:\/\/www.fdyairblower.com\/wp-content\/uploads\/2026\/01\/Roots-blowern5.jpg\" width=\"790\" height=\"746\" srcset=\"https:\/\/www.fdyairblower.com\/wp-content\/uploads\/2026\/01\/Roots-blowern5.jpg 790w, https:\/\/www.fdyairblower.com\/wp-content\/uploads\/2026\/01\/Roots-blowern5-300x283.jpg 300w, https:\/\/www.fdyairblower.com\/wp-content\/uploads\/2026\/01\/Roots-blowern5-768x725.jpg 768w, https:\/\/www.fdyairblower.com\/wp-content\/uploads\/2026\/01\/Roots-blowern5-13x12.jpg 13w, https:\/\/www.fdyairblower.com\/wp-content\/uploads\/2026\/01\/Roots-blowern5-600x567.jpg 600w\" sizes=\"(max-width: 790px) 100vw, 790px\" \/> <img alt=\"\" loading=\"lazy\" decoding=\"async\" class=\"alignnone size-full wp-image-5661 aligncenter\" src=\"https:\/\/www.fdyairblower.com\/wp-content\/uploads\/2026\/01\/Roots-blowern6.jpg\" width=\"790\" height=\"382\" srcset=\"https:\/\/www.fdyairblower.com\/wp-content\/uploads\/2026\/01\/Roots-blowern6.jpg 790w, https:\/\/www.fdyairblower.com\/wp-content\/uploads\/2026\/01\/Roots-blowern6-300x145.jpg 300w, https:\/\/www.fdyairblower.com\/wp-content\/uploads\/2026\/01\/Roots-blowern6-768x371.jpg 768w, https:\/\/www.fdyairblower.com\/wp-content\/uploads\/2026\/01\/Roots-blowern6-18x9.jpg 18w, https:\/\/www.fdyairblower.com\/wp-content\/uploads\/2026\/01\/Roots-blowern6-600x290.jpg 600w\" sizes=\"(max-width: 790px) 100vw, 790px\" \/> <img alt=\"\" loading=\"lazy\" decoding=\"async\" class=\"alignnone size-full wp-image-5662 aligncenter\" src=\"https:\/\/www.fdyairblower.com\/wp-content\/uploads\/2026\/01\/Roots-blowern7.jpg\" width=\"790\" height=\"1191\" srcset=\"https:\/\/www.fdyairblower.com\/wp-content\/uploads\/2026\/01\/Roots-blowern7.jpg 790w, https:\/\/www.fdyairblower.com\/wp-content\/uploads\/2026\/01\/Roots-blowern7-199x300.jpg 199w, https:\/\/www.fdyairblower.com\/wp-content\/uploads\/2026\/01\/Roots-blowern7-679x1024.jpg 679w, https:\/\/www.fdyairblower.com\/wp-content\/uploads\/2026\/01\/Roots-blowern7-768x1158.jpg 768w, https:\/\/www.fdyairblower.com\/wp-content\/uploads\/2026\/01\/Roots-blowern7-8x12.jpg 8w, https:\/\/www.fdyairblower.com\/wp-content\/uploads\/2026\/01\/Roots-blowern7-600x905.jpg 600w\" sizes=\"(max-width: 790px) 100vw, 790px\" \/> <img alt=\"\" loading=\"lazy\" decoding=\"async\" class=\"alignnone size-full wp-image-5663 aligncenter\" src=\"https:\/\/www.fdyairblower.com\/wp-content\/uploads\/2026\/01\/Roots-blowern8.jpg\" width=\"790\" height=\"770\" srcset=\"https:\/\/www.fdyairblower.com\/wp-content\/uploads\/2026\/01\/Roots-blowern8.jpg 790w, https:\/\/www.fdyairblower.com\/wp-content\/uploads\/2026\/01\/Roots-blowern8-300x292.jpg 300w, https:\/\/www.fdyairblower.com\/wp-content\/uploads\/2026\/01\/Roots-blowern8-768x749.jpg 768w, https:\/\/www.fdyairblower.com\/wp-content\/uploads\/2026\/01\/Roots-blowern8-12x12.jpg 12w, https:\/\/www.fdyairblower.com\/wp-content\/uploads\/2026\/01\/Roots-blowern8-600x585.jpg 600w\" sizes=\"(max-width: 790px) 100vw, 790px\" \/> <img alt=\"\" loading=\"lazy\" decoding=\"async\" class=\"alignnone size-full wp-image-5664 aligncenter\" src=\"https:\/\/www.fdyairblower.com\/wp-content\/uploads\/2026\/01\/Roots-blowern9.jpg\" width=\"790\" height=\"609\" srcset=\"https:\/\/www.fdyairblower.com\/wp-content\/uploads\/2026\/01\/Roots-blowern9.jpg 790w, https:\/\/www.fdyairblower.com\/wp-content\/uploads\/2026\/01\/Roots-blowern9-300x231.jpg 300w, https:\/\/www.fdyairblower.com\/wp-content\/uploads\/2026\/01\/Roots-blowern9-768x592.jpg 768w, https:\/\/www.fdyairblower.com\/wp-content\/uploads\/2026\/01\/Roots-blowern9-16x12.jpg 16w, https:\/\/www.fdyairblower.com\/wp-content\/uploads\/2026\/01\/Roots-blowern9-600x463.jpg 600w\" sizes=\"(max-width: 790px) 100vw, 790px\" \/> <img alt=\"\" loading=\"lazy\" decoding=\"async\" class=\"alignnone size-full wp-image-5665 aligncenter\" src=\"https:\/\/www.fdyairblower.com\/wp-content\/uploads\/2026\/01\/Roots-blowern10.jpg\" width=\"790\" height=\"586\" srcset=\"https:\/\/www.fdyairblower.com\/wp-content\/uploads\/2026\/01\/Roots-blowern10.jpg 790w, https:\/\/www.fdyairblower.com\/wp-content\/uploads\/2026\/01\/Roots-blowern10-300x223.jpg 300w, https:\/\/www.fdyairblower.com\/wp-content\/uploads\/2026\/01\/Roots-blowern10-768x570.jpg 768w, https:\/\/www.fdyairblower.com\/wp-content\/uploads\/2026\/01\/Roots-blowern10-16x12.jpg 16w, https:\/\/www.fdyairblower.com\/wp-content\/uploads\/2026\/01\/Roots-blowern10-600x445.jpg 600w\" sizes=\"(max-width: 790px) 100vw, 790px\" \/> <img alt=\"\" loading=\"lazy\" decoding=\"async\" class=\"alignnone size-full wp-image-5666 aligncenter\" src=\"https:\/\/www.fdyairblower.com\/wp-content\/uploads\/2026\/01\/Roots-blowern11.jpg\" width=\"790\" height=\"612\" srcset=\"https:\/\/www.fdyairblower.com\/wp-content\/uploads\/2026\/01\/Roots-blowern11.jpg 790w, https:\/\/www.fdyairblower.com\/wp-content\/uploads\/2026\/01\/Roots-blowern11-300x232.jpg 300w, https:\/\/www.fdyairblower.com\/wp-content\/uploads\/2026\/01\/Roots-blowern11-768x595.jpg 768w, https:\/\/www.fdyairblower.com\/wp-content\/uploads\/2026\/01\/Roots-blowern11-15x12.jpg 15w, https:\/\/www.fdyairblower.com\/wp-content\/uploads\/2026\/01\/Roots-blowern11-600x465.jpg 600w\" sizes=\"(max-width: 790px) 100vw, 790px\" \/> <img alt=\"\" loading=\"lazy\" decoding=\"async\" class=\"alignnone size-full wp-image-5667 aligncenter\" src=\"https:\/\/www.fdyairblower.com\/wp-content\/uploads\/2026\/01\/Roots-blowern12.jpg\" width=\"790\" height=\"1182\" srcset=\"https:\/\/www.fdyairblower.com\/wp-content\/uploads\/2026\/01\/Roots-blowern12.jpg 790w, https:\/\/www.fdyairblower.com\/wp-content\/uploads\/2026\/01\/Roots-blowern12-201x300.jpg 201w, https:\/\/www.fdyairblower.com\/wp-content\/uploads\/2026\/01\/Roots-blowern12-684x1024.jpg 684w, https:\/\/www.fdyairblower.com\/wp-content\/uploads\/2026\/01\/Roots-blowern12-768x1149.jpg 768w, https:\/\/www.fdyairblower.com\/wp-content\/uploads\/2026\/01\/Roots-blowern12-8x12.jpg 8w, https:\/\/www.fdyairblower.com\/wp-content\/uploads\/2026\/01\/Roots-blowern12-600x898.jpg 600w\" sizes=\"(max-width: 790px) 100vw, 790px\" \/><\/p>","protected":false},"excerpt":{"rendered":"<p><label style=\"color: #0458b3;\">\u00dcr\u00fcn men\u015fei\u00a0 \u00a0<\/label>\u00c7in<br \/>\n<label style=\"color: #0458b3;\">Teslimat s\u00fcresi\u00a0 \u00a0 <\/label>15-25 \u0130\u015f G\u00fcn\u00fc<br \/>\n<label style=\"color: #0458b3;\">Tedarik kapasitesi\u00a0 <\/label>Fabrika Do\u011frudan Tedarik<br \/>\n\u00dc\u00e7 yaprakl\u0131 Roots \u00fcfleyici, kabuk, duvar paneli, pervane ve giri\u015f ve \u00e7\u0131k\u0131\u015f susturucusu gibi d\u00f6rt par\u00e7adan olu\u015fur.<br \/>\n1. G\u00f6vde: esas olarak duvar panellerini, pervaneleri, susturucular\u0131 ve sabit i\u015flevleri desteklemek i\u00e7in kullan\u0131l\u0131r.<br \/>\n2. Duvar plakas\u0131: esas olarak g\u00f6vdeyi ve pervaneyi ba\u011flamak ve pervanenin d\u00f6n\u00fc\u015f\u00fcn\u00fc desteklemek ve u\u00e7 contan\u0131n etkisini oynamak i\u00e7in kullan\u0131l\u0131r<br \/>\n3. Pervane: Roots fan\u0131n\u0131n d\u00f6nen k\u0131sm\u0131d\u0131r, iki kanatl\u0131 ve \u00fc\u00e7 kanatl\u0131 olarak ayr\u0131lm\u0131\u015ft\u0131r, \u015fimdi hava titre\u015fiminin iki kanad\u0131ndan \u00fc\u00e7 kanat k\u00fc\u00e7\u00fck, k\u00fc\u00e7\u00fck g\u00fcr\u00fclt\u00fc, d\u00fczg\u00fcn \u00e7al\u0131\u015fma ve di\u011fer bir\u00e7ok avantaj oldu\u011fu i\u00e7in, kademeli olarak Roots fan\u0131n\u0131n iki kanad\u0131n\u0131n yerini alm\u0131\u015ft\u0131r.<br \/>\n4. Susturucu: Hava titre\u015fimi nedeniyle Roots fan\u0131n\u0131n giri\u015f ve \u00e7\u0131k\u0131\u015f\u0131nda olu\u015fan g\u00fcr\u00fclt\u00fcy\u00fc azalt\u0131r.<\/p>","protected":false},"featured_media":5655,"template":"","meta":{"_seopress_robots_primary_cat":"","_seopress_titles_title":"","_seopress_titles_desc":"","_seopress_robots_index":"","site-sidebar-layout":"default","site-content-layout":"","ast-site-content-layout":"default","site-content-style":"default","site-sidebar-style":"default","ast-global-header-display":"","ast-banner-title-visibility":"","ast-main-header-display":"","ast-hfb-above-header-display":"","ast-hfb-below-header-display":"","ast-hfb-mobile-header-display":"","site-post-title":"","ast-breadcrumbs-content":"","ast-featured-img":"","footer-sml-layout":"","ast-disable-related-posts":"","theme-transparent-header-meta":"default","adv-header-id-meta":"","stick-header-meta":"default","header-above-stick-meta":"","header-main-stick-meta":"","header-below-stick-meta":"","astra-migrate-meta-layouts":"set","ast-page-background-enabled":"default","ast-page-background-meta":{"desktop":{"background-color":"","background-image":"","background-repeat":"repeat","background-position":"center center","background-size":"auto","background-attachment":"scroll","background-type":"","background-media":"","overlay-type":"","overlay-color":"","overlay-opacity":"","overlay-gradient":""},"tablet":{"background-color":"","background-image":"","background-repeat":"repeat","background-position":"center center","background-size":"auto","background-attachment":"scroll","background-type":"","background-media":"","overlay-type":"","overlay-color":"","overlay-opacity":"","overlay-gradient":""},"mobile":{"background-color":"","background-image":"","background-repeat":"repeat","background-position":"center center","background-size":"auto","background-attachment":"scroll","background-type":"","background-media":"","overlay-type":"","overlay-color":"","overlay-opacity":"","overlay-gradient":""}},"ast-content-background-meta":{"desktop":{"background-color":"var(--ast-global-color-5)","background-image":"","background-repeat":"repeat","background-position":"center center","background-size":"auto","background-attachment":"scroll","background-type":"","background-media":"","overlay-type":"","overlay-color":"","overlay-opacity":"","overlay-gradient":""},"tablet":{"background-color":"var(--ast-global-color-5)","background-image":"","background-repeat":"repeat","background-position":"center center","background-size":"auto","background-attachment":"scroll","background-type":"","background-media":"","overlay-type":"","overlay-color":"","overlay-opacity":"","overlay-gradient":""},"mobile":{"background-color":"var(--ast-global-color-5)","background-image":"","background-repeat":"repeat","background-position":"center center","background-size":"auto","background-attachment":"scroll","background-type":"","background-media":"","overlay-type":"","overlay-color":"","overlay-opacity":"","overlay-gradient":""}}},"product_brand":[],"product_cat":[117],"product_tag":[],"class_list":{"0":"post-5652","1":"product","2":"type-product","3":"status-publish","4":"has-post-thumbnail","6":"product_cat-three-leaf-roots-blower","7":"desktop-align-left","8":"tablet-align-left","9":"mobile-align-left","10":"ast-product-gallery-layout-horizontal-slider","11":"ast-product-gallery-with-no-image","12":"ast-product-tabs-layout-horizontal","14":"first","15":"instock","16":"shipping-taxable","17":"product-type-simple"},"_links":{"self":[{"href":"https:\/\/www.fdyairblower.com\/tr\/wp-json\/wp\/v2\/product\/5652","targetHints":{"allow":["GET"]}}],"collection":[{"href":"https:\/\/www.fdyairblower.com\/tr\/wp-json\/wp\/v2\/product"}],"about":[{"href":"https:\/\/www.fdyairblower.com\/tr\/wp-json\/wp\/v2\/types\/product"}],"wp:featuredmedia":[{"embeddable":true,"href":"https:\/\/www.fdyairblower.com\/tr\/wp-json\/wp\/v2\/media\/5655"}],"wp:attachment":[{"href":"https:\/\/www.fdyairblower.com\/tr\/wp-json\/wp\/v2\/media?parent=5652"}],"wp:term":[{"taxonomy":"product_brand","embeddable":true,"href":"https:\/\/www.fdyairblower.com\/tr\/wp-json\/wp\/v2\/product_brand?post=5652"},{"taxonomy":"product_cat","embeddable":true,"href":"https:\/\/www.fdyairblower.com\/tr\/wp-json\/wp\/v2\/product_cat?post=5652"},{"taxonomy":"product_tag","embeddable":true,"href":"https:\/\/www.fdyairblower.com\/tr\/wp-json\/wp\/v2\/product_tag?post=5652"}],"curies":[{"name":"wp","href":"https:\/\/api.w.org\/{rel}","templated":true}]}}