{"id":5565,"date":"2026-01-06T14:22:02","date_gmt":"2026-01-06T14:22:02","guid":{"rendered":"https:\/\/www.fdyairblower.com\/?post_type=product&#038;p=5565"},"modified":"2026-01-06T14:22:02","modified_gmt":"2026-01-06T14:22:02","slug":"energy-saving-air-suspension-blower-ultra-low-noise","status":"publish","type":"product","link":"https:\/\/www.fdyairblower.com\/tr\/urun\/energy-saving-air-suspension-blower-ultra-low-noise\/","title":{"rendered":"Enerji Tasarruflu Hava S\u00fcspansiyonlu \u00dcfleyici Ultra D\u00fc\u015f\u00fck G\u00fcr\u00fclt\u00fc"},"content":{"rendered":"<p>Manyetik rulmanlar, y\u00fcksek verimlilik, yar\u0131 kal\u0131c\u0131 \u00f6m\u00fcr, g\u00fc\u00e7 tasarrufu 30%-50% kullanan hava s\u00fcspansiyonlu santrif\u00fcj \u00fcfleyici; Hava s\u00fcspansiyonlu santrif\u00fcj \u00fcfleyici ak\u0131ll\u0131 frekans d\u00f6n\u00fc\u015ft\u00fcrme kontrol sistemi, a\u015f\u0131nma yok ve manuel g\u00f6rev yok. Model eksiksiz, m\u00fckemmel hizmet.<\/p>\n<p><img alt=\"\" fetchpriority=\"high\" decoding=\"async\" class=\"size-full wp-image-5571 aligncenter\" src=\"https:\/\/www.fdyairblower.com\/wp-content\/uploads\/2026\/01\/Air-Suspension-Blower.jpg\" width=\"600\" height=\"450\" srcset=\"https:\/\/www.fdyairblower.com\/wp-content\/uploads\/2026\/01\/Air-Suspension-Blower.jpg 600w, https:\/\/www.fdyairblower.com\/wp-content\/uploads\/2026\/01\/Air-Suspension-Blower-300x225.jpg 300w, https:\/\/www.fdyairblower.com\/wp-content\/uploads\/2026\/01\/Air-Suspension-Blower-16x12.jpg 16w\" sizes=\"(max-width: 600px) 100vw, 600px\" \/><\/p>","protected":false},"excerpt":{"rendered":"<p><label style=\"color: #0458b3;\">\u00dcr\u00fcn men\u015fei\u00a0 \u00a0<\/label>\u00c7in<br \/>\n<label style=\"color: #0458b3;\">Teslimat s\u00fcresi\u00a0 \u00a0 <\/label>15-25 \u0130\u015f G\u00fcn\u00fc<br \/>\n<label style=\"color: #0458b3;\">Tedarik kapasitesi\u00a0 <\/label>Fabrika Do\u011frudan Tedarik<br \/>\nManyetik rulmanlar, y\u00fcksek verimlilik, yar\u0131 kal\u0131c\u0131 \u00f6m\u00fcr, g\u00fc\u00e7 tasarrufu 30%-50% kullanan hava s\u00fcspansiyonlu santrif\u00fcj \u00fcfleyici; Hava s\u00fcspansiyonlu santrif\u00fcj \u00fcfleyici ak\u0131ll\u0131 frekans d\u00f6n\u00fc\u015ft\u00fcrme kontrol sistemi, a\u015f\u0131nma yok ve manuel g\u00f6rev yok. Model eksiksiz, m\u00fckemmel hizmet.<\/p>","protected":false},"featured_media":5568,"template":"","meta":{"_seopress_robots_primary_cat":"","_seopress_titles_title":"","_seopress_titles_desc":"","_seopress_robots_index":"","site-sidebar-layout":"default","site-content-layout":"","ast-site-content-layout":"default","site-content-style":"default","site-sidebar-style":"default","ast-global-header-display":"","ast-banner-title-visibility":"","ast-main-header-display":"","ast-hfb-above-header-display":"","ast-hfb-below-header-display":"","ast-hfb-mobile-header-display":"","site-post-title":"","ast-breadcrumbs-content":"","ast-featured-img":"","footer-sml-layout":"","ast-disable-related-posts":"","theme-transparent-header-meta":"default","adv-header-id-meta":"","stick-header-meta":"default","header-above-stick-meta":"","header-main-stick-meta":"","header-below-stick-meta":"","astra-migrate-meta-layouts":"set","ast-page-background-enabled":"default","ast-page-background-meta":{"desktop":{"background-color":"","background-image":"","background-repeat":"repeat","background-position":"center center","background-size":"auto","background-attachment":"scroll","background-type":"","background-media":"","overlay-type":"","overlay-color":"","overlay-opacity":"","overlay-gradient":""},"tablet":{"background-color":"","background-image":"","background-repeat":"repeat","background-position":"center center","background-size":"auto","background-attachment":"scroll","background-type":"","background-media":"","overlay-type":"","overlay-color":"","overlay-opacity":"","overlay-gradient":""},"mobile":{"background-color":"","background-image":"","background-repeat":"repeat","background-position":"center center","background-size":"auto","background-attachment":"scroll","background-type":"","background-media":"","overlay-type":"","overlay-color":"","overlay-opacity":"","overlay-gradient":""}},"ast-content-background-meta":{"desktop":{"background-color":"var(--ast-global-color-5)","background-image":"","background-repeat":"repeat","background-position":"center center","background-size":"auto","background-attachment":"scroll","background-type":"","background-media":"","overlay-type":"","overlay-color":"","overlay-opacity":"","overlay-gradient":""},"tablet":{"background-color":"var(--ast-global-color-5)","background-image":"","background-repeat":"repeat","background-position":"center center","background-size":"auto","background-attachment":"scroll","background-type":"","background-media":"","overlay-type":"","overlay-color":"","overlay-opacity":"","overlay-gradient":""},"mobile":{"background-color":"var(--ast-global-color-5)","background-image":"","background-repeat":"repeat","background-position":"center center","background-size":"auto","background-attachment":"scroll","background-type":"","background-media":"","overlay-type":"","overlay-color":"","overlay-opacity":"","overlay-gradient":""}}},"product_brand":[],"product_cat":[100],"product_tag":[],"class_list":{"0":"post-5565","1":"product","2":"type-product","3":"status-publish","4":"has-post-thumbnail","6":"product_cat-air-suspension-blower","7":"desktop-align-left","8":"tablet-align-left","9":"mobile-align-left","10":"ast-product-gallery-layout-horizontal-slider","11":"ast-product-tabs-layout-horizontal","13":"first","14":"instock","15":"shipping-taxable","16":"product-type-simple"},"_links":{"self":[{"href":"https:\/\/www.fdyairblower.com\/tr\/wp-json\/wp\/v2\/product\/5565","targetHints":{"allow":["GET"]}}],"collection":[{"href":"https:\/\/www.fdyairblower.com\/tr\/wp-json\/wp\/v2\/product"}],"about":[{"href":"https:\/\/www.fdyairblower.com\/tr\/wp-json\/wp\/v2\/types\/product"}],"wp:featuredmedia":[{"embeddable":true,"href":"https:\/\/www.fdyairblower.com\/tr\/wp-json\/wp\/v2\/media\/5568"}],"wp:attachment":[{"href":"https:\/\/www.fdyairblower.com\/tr\/wp-json\/wp\/v2\/media?parent=5565"}],"wp:term":[{"taxonomy":"product_brand","embeddable":true,"href":"https:\/\/www.fdyairblower.com\/tr\/wp-json\/wp\/v2\/product_brand?post=5565"},{"taxonomy":"product_cat","embeddable":true,"href":"https:\/\/www.fdyairblower.com\/tr\/wp-json\/wp\/v2\/product_cat?post=5565"},{"taxonomy":"product_tag","embeddable":true,"href":"https:\/\/www.fdyairblower.com\/tr\/wp-json\/wp\/v2\/product_tag?post=5565"}],"curies":[{"name":"wp","href":"https:\/\/api.w.org\/{rel}","templated":true}]}}