{"id":5591,"date":"2026-01-07T00:30:25","date_gmt":"2026-01-07T00:30:25","guid":{"rendered":"https:\/\/www.fdyairblower.com\/?post_type=product&#038;p=5591"},"modified":"2026-01-07T00:30:25","modified_gmt":"2026-01-07T00:30:25","slug":"three-leaf-roots-blower","status":"publish","type":"product","link":"https:\/\/www.fdyairblower.com\/es\/producto\/three-leaf-roots-blower\/","title":{"rendered":"Soplador de ra\u00edces de tres hojas"},"content":{"rendered":"<p>El soplador Roots de tres hojas se compone de cuatro partes, como la carcasa, el panel de pared, el impulsor y el silenciador de entrada y salida.<br \/>\n1. Carcasa: se utiliza principalmente para soportar paneles de pared, impulsores, silenciadores y funciones fijas.<br \/>\n2. Placa de pared: se utiliza principalmente para conectar la carcasa y el impulsor, y apoyar la rotaci\u00f3n del impulsor, y desempe\u00f1ar el efecto de sellado final.<br \/>\n3. Impulsor: es la parte giratoria del ventilador Roots, dividido en dos palas y tres palas, ahora porque las tres palas que las dos palas de la pulsaci\u00f3n de aire es peque\u00f1o, peque\u00f1o ruido, buen funcionamiento y muchas otras ventajas, ha sustituido gradualmente las dos palas del ventilador Roots.<br \/>\n4. Silenciador: reduce el ruido generado por la entrada y salida del ventilador Roots debido a la pulsaci\u00f3n del aire.<\/p>\n<p><img alt=\"\" fetchpriority=\"high\" decoding=\"async\" class=\"alignnone size-full wp-image-5600 aligncenter\" src=\"https:\/\/www.fdyairblower.com\/wp-content\/uploads\/2026\/01\/Three-Leaf-Roots-Blowern1.jpg\" width=\"790\" height=\"430\" srcset=\"https:\/\/www.fdyairblower.com\/wp-content\/uploads\/2026\/01\/Three-Leaf-Roots-Blowern1.jpg 790w, https:\/\/www.fdyairblower.com\/wp-content\/uploads\/2026\/01\/Three-Leaf-Roots-Blowern1-300x163.jpg 300w, https:\/\/www.fdyairblower.com\/wp-content\/uploads\/2026\/01\/Three-Leaf-Roots-Blowern1-768x418.jpg 768w, https:\/\/www.fdyairblower.com\/wp-content\/uploads\/2026\/01\/Three-Leaf-Roots-Blowern1-18x10.jpg 18w, https:\/\/www.fdyairblower.com\/wp-content\/uploads\/2026\/01\/Three-Leaf-Roots-Blowern1-600x327.jpg 600w\" sizes=\"(max-width: 790px) 100vw, 790px\" \/> <img alt=\"\" decoding=\"async\" class=\"alignnone size-full wp-image-5601 aligncenter\" src=\"https:\/\/www.fdyairblower.com\/wp-content\/uploads\/2026\/01\/Three-Leaf-Roots-Blowern2.jpg\" width=\"790\" height=\"730\" srcset=\"https:\/\/www.fdyairblower.com\/wp-content\/uploads\/2026\/01\/Three-Leaf-Roots-Blowern2.jpg 790w, https:\/\/www.fdyairblower.com\/wp-content\/uploads\/2026\/01\/Three-Leaf-Roots-Blowern2-300x277.jpg 300w, https:\/\/www.fdyairblower.com\/wp-content\/uploads\/2026\/01\/Three-Leaf-Roots-Blowern2-768x710.jpg 768w, https:\/\/www.fdyairblower.com\/wp-content\/uploads\/2026\/01\/Three-Leaf-Roots-Blowern2-13x12.jpg 13w, https:\/\/www.fdyairblower.com\/wp-content\/uploads\/2026\/01\/Three-Leaf-Roots-Blowern2-600x554.jpg 600w\" sizes=\"(max-width: 790px) 100vw, 790px\" \/> <img alt=\"\" decoding=\"async\" class=\"alignnone size-full wp-image-5602 aligncenter\" src=\"https:\/\/www.fdyairblower.com\/wp-content\/uploads\/2026\/01\/Three-Leaf-Roots-Blowern3.jpg\" width=\"790\" height=\"1020\" srcset=\"https:\/\/www.fdyairblower.com\/wp-content\/uploads\/2026\/01\/Three-Leaf-Roots-Blowern3.jpg 790w, https:\/\/www.fdyairblower.com\/wp-content\/uploads\/2026\/01\/Three-Leaf-Roots-Blowern3-232x300.jpg 232w, https:\/\/www.fdyairblower.com\/wp-content\/uploads\/2026\/01\/Three-Leaf-Roots-Blowern3-768x992.jpg 768w, https:\/\/www.fdyairblower.com\/wp-content\/uploads\/2026\/01\/Three-Leaf-Roots-Blowern3-9x12.jpg 9w, https:\/\/www.fdyairblower.com\/wp-content\/uploads\/2026\/01\/Three-Leaf-Roots-Blowern3-600x775.jpg 600w\" sizes=\"(max-width: 790px) 100vw, 790px\" \/> <img alt=\"\" loading=\"lazy\" decoding=\"async\" class=\"alignnone size-full wp-image-5603 aligncenter\" src=\"https:\/\/www.fdyairblower.com\/wp-content\/uploads\/2026\/01\/Three-Leaf-Roots-Blowern4.jpg\" width=\"790\" height=\"881\" srcset=\"https:\/\/www.fdyairblower.com\/wp-content\/uploads\/2026\/01\/Three-Leaf-Roots-Blowern4.jpg 790w, https:\/\/www.fdyairblower.com\/wp-content\/uploads\/2026\/01\/Three-Leaf-Roots-Blowern4-269x300.jpg 269w, https:\/\/www.fdyairblower.com\/wp-content\/uploads\/2026\/01\/Three-Leaf-Roots-Blowern4-768x856.jpg 768w, https:\/\/www.fdyairblower.com\/wp-content\/uploads\/2026\/01\/Three-Leaf-Roots-Blowern4-11x12.jpg 11w, https:\/\/www.fdyairblower.com\/wp-content\/uploads\/2026\/01\/Three-Leaf-Roots-Blowern4-600x669.jpg 600w\" sizes=\"(max-width: 790px) 100vw, 790px\" \/> <img alt=\"\" loading=\"lazy\" decoding=\"async\" class=\"alignnone size-full wp-image-5604 aligncenter\" src=\"https:\/\/www.fdyairblower.com\/wp-content\/uploads\/2026\/01\/Three-Leaf-Roots-Blowern5.jpg\" width=\"790\" height=\"746\" srcset=\"https:\/\/www.fdyairblower.com\/wp-content\/uploads\/2026\/01\/Three-Leaf-Roots-Blowern5.jpg 790w, https:\/\/www.fdyairblower.com\/wp-content\/uploads\/2026\/01\/Three-Leaf-Roots-Blowern5-300x283.jpg 300w, https:\/\/www.fdyairblower.com\/wp-content\/uploads\/2026\/01\/Three-Leaf-Roots-Blowern5-768x725.jpg 768w, https:\/\/www.fdyairblower.com\/wp-content\/uploads\/2026\/01\/Three-Leaf-Roots-Blowern5-13x12.jpg 13w, https:\/\/www.fdyairblower.com\/wp-content\/uploads\/2026\/01\/Three-Leaf-Roots-Blowern5-600x567.jpg 600w\" sizes=\"(max-width: 790px) 100vw, 790px\" \/> <img alt=\"\" loading=\"lazy\" decoding=\"async\" class=\"alignnone size-full wp-image-5605 aligncenter\" src=\"https:\/\/www.fdyairblower.com\/wp-content\/uploads\/2026\/01\/Three-Leaf-Roots-Blowern6.jpg\" width=\"790\" height=\"382\" srcset=\"https:\/\/www.fdyairblower.com\/wp-content\/uploads\/2026\/01\/Three-Leaf-Roots-Blowern6.jpg 790w, https:\/\/www.fdyairblower.com\/wp-content\/uploads\/2026\/01\/Three-Leaf-Roots-Blowern6-300x145.jpg 300w, https:\/\/www.fdyairblower.com\/wp-content\/uploads\/2026\/01\/Three-Leaf-Roots-Blowern6-768x371.jpg 768w, https:\/\/www.fdyairblower.com\/wp-content\/uploads\/2026\/01\/Three-Leaf-Roots-Blowern6-18x9.jpg 18w, https:\/\/www.fdyairblower.com\/wp-content\/uploads\/2026\/01\/Three-Leaf-Roots-Blowern6-600x290.jpg 600w\" sizes=\"(max-width: 790px) 100vw, 790px\" \/> <img alt=\"\" loading=\"lazy\" decoding=\"async\" class=\"alignnone size-full wp-image-5606 aligncenter\" src=\"https:\/\/www.fdyairblower.com\/wp-content\/uploads\/2026\/01\/Three-Leaf-Roots-Blowern7.jpg\" width=\"790\" height=\"1191\" srcset=\"https:\/\/www.fdyairblower.com\/wp-content\/uploads\/2026\/01\/Three-Leaf-Roots-Blowern7.jpg 790w, https:\/\/www.fdyairblower.com\/wp-content\/uploads\/2026\/01\/Three-Leaf-Roots-Blowern7-199x300.jpg 199w, https:\/\/www.fdyairblower.com\/wp-content\/uploads\/2026\/01\/Three-Leaf-Roots-Blowern7-679x1024.jpg 679w, https:\/\/www.fdyairblower.com\/wp-content\/uploads\/2026\/01\/Three-Leaf-Roots-Blowern7-768x1158.jpg 768w, https:\/\/www.fdyairblower.com\/wp-content\/uploads\/2026\/01\/Three-Leaf-Roots-Blowern7-8x12.jpg 8w, https:\/\/www.fdyairblower.com\/wp-content\/uploads\/2026\/01\/Three-Leaf-Roots-Blowern7-600x905.jpg 600w\" sizes=\"(max-width: 790px) 100vw, 790px\" \/> <img alt=\"\" loading=\"lazy\" decoding=\"async\" class=\"alignnone size-full wp-image-5607 aligncenter\" src=\"https:\/\/www.fdyairblower.com\/wp-content\/uploads\/2026\/01\/Three-Leaf-Roots-Blowern8.jpg\" width=\"790\" height=\"770\" srcset=\"https:\/\/www.fdyairblower.com\/wp-content\/uploads\/2026\/01\/Three-Leaf-Roots-Blowern8.jpg 790w, https:\/\/www.fdyairblower.com\/wp-content\/uploads\/2026\/01\/Three-Leaf-Roots-Blowern8-300x292.jpg 300w, https:\/\/www.fdyairblower.com\/wp-content\/uploads\/2026\/01\/Three-Leaf-Roots-Blowern8-768x749.jpg 768w, https:\/\/www.fdyairblower.com\/wp-content\/uploads\/2026\/01\/Three-Leaf-Roots-Blowern8-12x12.jpg 12w, https:\/\/www.fdyairblower.com\/wp-content\/uploads\/2026\/01\/Three-Leaf-Roots-Blowern8-600x585.jpg 600w\" sizes=\"(max-width: 790px) 100vw, 790px\" \/> <img alt=\"\" loading=\"lazy\" decoding=\"async\" class=\"alignnone size-full wp-image-5608 aligncenter\" src=\"https:\/\/www.fdyairblower.com\/wp-content\/uploads\/2026\/01\/Three-Leaf-Roots-Blowern9.jpg\" width=\"790\" height=\"609\" srcset=\"https:\/\/www.fdyairblower.com\/wp-content\/uploads\/2026\/01\/Three-Leaf-Roots-Blowern9.jpg 790w, https:\/\/www.fdyairblower.com\/wp-content\/uploads\/2026\/01\/Three-Leaf-Roots-Blowern9-300x231.jpg 300w, https:\/\/www.fdyairblower.com\/wp-content\/uploads\/2026\/01\/Three-Leaf-Roots-Blowern9-768x592.jpg 768w, https:\/\/www.fdyairblower.com\/wp-content\/uploads\/2026\/01\/Three-Leaf-Roots-Blowern9-16x12.jpg 16w, https:\/\/www.fdyairblower.com\/wp-content\/uploads\/2026\/01\/Three-Leaf-Roots-Blowern9-600x463.jpg 600w\" sizes=\"(max-width: 790px) 100vw, 790px\" \/> <img alt=\"\" loading=\"lazy\" decoding=\"async\" class=\"alignnone size-full wp-image-5609 aligncenter\" src=\"https:\/\/www.fdyairblower.com\/wp-content\/uploads\/2026\/01\/Three-Leaf-Roots-Blowern10.jpg\" width=\"790\" height=\"586\" srcset=\"https:\/\/www.fdyairblower.com\/wp-content\/uploads\/2026\/01\/Three-Leaf-Roots-Blowern10.jpg 790w, https:\/\/www.fdyairblower.com\/wp-content\/uploads\/2026\/01\/Three-Leaf-Roots-Blowern10-300x223.jpg 300w, https:\/\/www.fdyairblower.com\/wp-content\/uploads\/2026\/01\/Three-Leaf-Roots-Blowern10-768x570.jpg 768w, https:\/\/www.fdyairblower.com\/wp-content\/uploads\/2026\/01\/Three-Leaf-Roots-Blowern10-16x12.jpg 16w, https:\/\/www.fdyairblower.com\/wp-content\/uploads\/2026\/01\/Three-Leaf-Roots-Blowern10-600x445.jpg 600w\" sizes=\"(max-width: 790px) 100vw, 790px\" \/> <img alt=\"\" loading=\"lazy\" decoding=\"async\" class=\"alignnone size-full wp-image-5610 aligncenter\" src=\"https:\/\/www.fdyairblower.com\/wp-content\/uploads\/2026\/01\/Three-Leaf-Roots-Blowern11.jpg\" width=\"790\" height=\"612\" srcset=\"https:\/\/www.fdyairblower.com\/wp-content\/uploads\/2026\/01\/Three-Leaf-Roots-Blowern11.jpg 790w, https:\/\/www.fdyairblower.com\/wp-content\/uploads\/2026\/01\/Three-Leaf-Roots-Blowern11-300x232.jpg 300w, https:\/\/www.fdyairblower.com\/wp-content\/uploads\/2026\/01\/Three-Leaf-Roots-Blowern11-768x595.jpg 768w, https:\/\/www.fdyairblower.com\/wp-content\/uploads\/2026\/01\/Three-Leaf-Roots-Blowern11-15x12.jpg 15w, https:\/\/www.fdyairblower.com\/wp-content\/uploads\/2026\/01\/Three-Leaf-Roots-Blowern11-600x465.jpg 600w\" sizes=\"(max-width: 790px) 100vw, 790px\" \/> <img alt=\"\" loading=\"lazy\" decoding=\"async\" class=\"alignnone size-full wp-image-5611 aligncenter\" src=\"https:\/\/www.fdyairblower.com\/wp-content\/uploads\/2026\/01\/Three-Leaf-Roots-Blowern12.jpg\" width=\"790\" height=\"1182\" srcset=\"https:\/\/www.fdyairblower.com\/wp-content\/uploads\/2026\/01\/Three-Leaf-Roots-Blowern12.jpg 790w, https:\/\/www.fdyairblower.com\/wp-content\/uploads\/2026\/01\/Three-Leaf-Roots-Blowern12-201x300.jpg 201w, https:\/\/www.fdyairblower.com\/wp-content\/uploads\/2026\/01\/Three-Leaf-Roots-Blowern12-684x1024.jpg 684w, https:\/\/www.fdyairblower.com\/wp-content\/uploads\/2026\/01\/Three-Leaf-Roots-Blowern12-768x1149.jpg 768w, https:\/\/www.fdyairblower.com\/wp-content\/uploads\/2026\/01\/Three-Leaf-Roots-Blowern12-8x12.jpg 8w, https:\/\/www.fdyairblower.com\/wp-content\/uploads\/2026\/01\/Three-Leaf-Roots-Blowern12-600x898.jpg 600w\" sizes=\"(max-width: 790px) 100vw, 790px\" \/><\/p>","protected":false},"excerpt":{"rendered":"<p><label style=\"color: #0458b3;\">Origen del producto\u00a0 \u00a0<\/label>China<br \/>\n<label style=\"color: #0458b3;\">Plazo de entrega\u00a0 \u00a0 <\/label>15-25 d\u00edas laborables<br \/>\n<label style=\"color: #0458b3;\">Capacidad de suministro\u00a0 <\/label>Suministro directo de f\u00e1brica<br \/>\nEl soplador Roots de tres hojas se compone de cuatro partes, como la carcasa, el panel de pared, el impulsor y el silenciador de entrada y salida.<br \/>\n1. Carcasa: se utiliza principalmente para soportar paneles de pared, impulsores, silenciadores y funciones fijas.<br \/>\n2. Placa de pared: se utiliza principalmente para conectar la carcasa y el impulsor, y apoyar la rotaci\u00f3n del impulsor, y desempe\u00f1ar el efecto de sellado final.<br \/>\n3. Impulsor: es la parte giratoria del ventilador Roots, dividido en dos palas y tres palas, ahora porque las tres palas que las dos palas de la pulsaci\u00f3n de aire es peque\u00f1o, peque\u00f1o ruido, buen funcionamiento y muchas otras ventajas, ha sustituido gradualmente las dos palas del ventilador Roots.<br \/>\n4. Silenciador: reduce el ruido generado por la entrada y salida del ventilador Roots debido a la pulsaci\u00f3n del aire.<\/p>","protected":false},"featured_media":5594,"template":"","meta":{"_seopress_robots_primary_cat":"","_seopress_titles_title":"","_seopress_titles_desc":"","_seopress_robots_index":"","site-sidebar-layout":"default","site-content-layout":"","ast-site-content-layout":"default","site-content-style":"default","site-sidebar-style":"default","ast-global-header-display":"","ast-banner-title-visibility":"","ast-main-header-display":"","ast-hfb-above-header-display":"","ast-hfb-below-header-display":"","ast-hfb-mobile-header-display":"","site-post-title":"","ast-breadcrumbs-content":"","ast-featured-img":"","footer-sml-layout":"","ast-disable-related-posts":"","theme-transparent-header-meta":"default","adv-header-id-meta":"","stick-header-meta":"default","header-above-stick-meta":"","header-main-stick-meta":"","header-below-stick-meta":"","astra-migrate-meta-layouts":"set","ast-page-background-enabled":"default","ast-page-background-meta":{"desktop":{"background-color":"","background-image":"","background-repeat":"repeat","background-position":"center center","background-size":"auto","background-attachment":"scroll","background-type":"","background-media":"","overlay-type":"","overlay-color":"","overlay-opacity":"","overlay-gradient":""},"tablet":{"background-color":"","background-image":"","background-repeat":"repeat","background-position":"center center","background-size":"auto","background-attachment":"scroll","background-type":"","background-media":"","overlay-type":"","overlay-color":"","overlay-opacity":"","overlay-gradient":""},"mobile":{"background-color":"","background-image":"","background-repeat":"repeat","background-position":"center center","background-size":"auto","background-attachment":"scroll","background-type":"","background-media":"","overlay-type":"","overlay-color":"","overlay-opacity":"","overlay-gradient":""}},"ast-content-background-meta":{"desktop":{"background-color":"var(--ast-global-color-5)","background-image":"","background-repeat":"repeat","background-position":"center center","background-size":"auto","background-attachment":"scroll","background-type":"","background-media":"","overlay-type":"","overlay-color":"","overlay-opacity":"","overlay-gradient":""},"tablet":{"background-color":"var(--ast-global-color-5)","background-image":"","background-repeat":"repeat","background-position":"center center","background-size":"auto","background-attachment":"scroll","background-type":"","background-media":"","overlay-type":"","overlay-color":"","overlay-opacity":"","overlay-gradient":""},"mobile":{"background-color":"var(--ast-global-color-5)","background-image":"","background-repeat":"repeat","background-position":"center center","background-size":"auto","background-attachment":"scroll","background-type":"","background-media":"","overlay-type":"","overlay-color":"","overlay-opacity":"","overlay-gradient":""}}},"product_brand":[],"product_cat":[117],"product_tag":[],"class_list":{"0":"post-5591","1":"product","2":"type-product","3":"status-publish","4":"has-post-thumbnail","6":"product_cat-three-leaf-roots-blower","7":"desktop-align-left","8":"tablet-align-left","9":"mobile-align-left","10":"ast-product-gallery-layout-horizontal-slider","11":"ast-product-tabs-layout-horizontal","13":"first","14":"instock","15":"shipping-taxable","16":"product-type-simple"},"_links":{"self":[{"href":"https:\/\/www.fdyairblower.com\/es\/wp-json\/wp\/v2\/product\/5591","targetHints":{"allow":["GET"]}}],"collection":[{"href":"https:\/\/www.fdyairblower.com\/es\/wp-json\/wp\/v2\/product"}],"about":[{"href":"https:\/\/www.fdyairblower.com\/es\/wp-json\/wp\/v2\/types\/product"}],"wp:featuredmedia":[{"embeddable":true,"href":"https:\/\/www.fdyairblower.com\/es\/wp-json\/wp\/v2\/media\/5594"}],"wp:attachment":[{"href":"https:\/\/www.fdyairblower.com\/es\/wp-json\/wp\/v2\/media?parent=5591"}],"wp:term":[{"taxonomy":"product_brand","embeddable":true,"href":"https:\/\/www.fdyairblower.com\/es\/wp-json\/wp\/v2\/product_brand?post=5591"},{"taxonomy":"product_cat","embeddable":true,"href":"https:\/\/www.fdyairblower.com\/es\/wp-json\/wp\/v2\/product_cat?post=5591"},{"taxonomy":"product_tag","embeddable":true,"href":"https:\/\/www.fdyairblower.com\/es\/wp-json\/wp\/v2\/product_tag?post=5591"}],"curies":[{"name":"wp","href":"https:\/\/api.w.org\/{rel}","templated":true}]}}