{"id":5536,"date":"2026-01-06T14:03:20","date_gmt":"2026-01-06T14:03:20","guid":{"rendered":"https:\/\/www.fdyairblower.com\/?post_type=product&#038;p=5536"},"modified":"2026-01-06T14:03:21","modified_gmt":"2026-01-06T14:03:21","slug":"pneumatic-shunt-valve","status":"publish","type":"product","link":"https:\/\/www.fdyairblower.com\/es\/producto\/pneumatic-shunt-valve\/","title":{"rendered":"V\u00e1lvula de derivaci\u00f3n neum\u00e1tica"},"content":{"rendered":"<p>Pneumatic shunt valve is a special equipment used to switch the material flow direction in the pipeline in the conveying system of solid materials (powder, granular materials, powder mixture, flake, etc.). The completely sealed structure can be applied to outdoor environment.<\/p>\n<p><img alt=\"\" fetchpriority=\"high\" decoding=\"async\" class=\"size-full wp-image-5540 aligncenter\" src=\"https:\/\/www.fdyairblower.com\/wp-content\/uploads\/2026\/01\/Pneumatic-Shunt-Valve.jpg\" width=\"790\" height=\"757\" srcset=\"https:\/\/www.fdyairblower.com\/wp-content\/uploads\/2026\/01\/Pneumatic-Shunt-Valve.jpg 790w, https:\/\/www.fdyairblower.com\/wp-content\/uploads\/2026\/01\/Pneumatic-Shunt-Valve-300x287.jpg 300w, https:\/\/www.fdyairblower.com\/wp-content\/uploads\/2026\/01\/Pneumatic-Shunt-Valve-768x736.jpg 768w, https:\/\/www.fdyairblower.com\/wp-content\/uploads\/2026\/01\/Pneumatic-Shunt-Valve-13x12.jpg 13w, https:\/\/www.fdyairblower.com\/wp-content\/uploads\/2026\/01\/Pneumatic-Shunt-Valve-600x575.jpg 600w\" sizes=\"(max-width: 790px) 100vw, 790px\" \/><\/p>","protected":false},"excerpt":{"rendered":"<p><label style=\"color: #0458b3;\">Origen del producto\u00a0 \u00a0<\/label>China<br \/>\n<label style=\"color: #0458b3;\">Plazo de entrega\u00a0 \u00a0 <\/label>15-25 d\u00edas laborables<br \/>\n<label style=\"color: #0458b3;\">Capacidad de suministro\u00a0 <\/label>Suministro directo de f\u00e1brica<br \/>\nPneumatic shunt valve is a special equipment used to switch the material flow direction in the pipeline in the conveying system of solid materials (powder, granular materials, powder mixture, flake, etc). The completely sealed structure can be applied to outdoor environment.<\/p>","protected":false},"featured_media":5539,"template":"","meta":{"_seopress_robots_primary_cat":"","_seopress_titles_title":"","_seopress_titles_desc":"","_seopress_robots_index":"","site-sidebar-layout":"default","site-content-layout":"","ast-site-content-layout":"default","site-content-style":"default","site-sidebar-style":"default","ast-global-header-display":"","ast-banner-title-visibility":"","ast-main-header-display":"","ast-hfb-above-header-display":"","ast-hfb-below-header-display":"","ast-hfb-mobile-header-display":"","site-post-title":"","ast-breadcrumbs-content":"","ast-featured-img":"","footer-sml-layout":"","ast-disable-related-posts":"","theme-transparent-header-meta":"default","adv-header-id-meta":"","stick-header-meta":"default","header-above-stick-meta":"","header-main-stick-meta":"","header-below-stick-meta":"","astra-migrate-meta-layouts":"set","ast-page-background-enabled":"default","ast-page-background-meta":{"desktop":{"background-color":"","background-image":"","background-repeat":"repeat","background-position":"center center","background-size":"auto","background-attachment":"scroll","background-type":"","background-media":"","overlay-type":"","overlay-color":"","overlay-opacity":"","overlay-gradient":""},"tablet":{"background-color":"","background-image":"","background-repeat":"repeat","background-position":"center center","background-size":"auto","background-attachment":"scroll","background-type":"","background-media":"","overlay-type":"","overlay-color":"","overlay-opacity":"","overlay-gradient":""},"mobile":{"background-color":"","background-image":"","background-repeat":"repeat","background-position":"center center","background-size":"auto","background-attachment":"scroll","background-type":"","background-media":"","overlay-type":"","overlay-color":"","overlay-opacity":"","overlay-gradient":""}},"ast-content-background-meta":{"desktop":{"background-color":"var(--ast-global-color-5)","background-image":"","background-repeat":"repeat","background-position":"center center","background-size":"auto","background-attachment":"scroll","background-type":"","background-media":"","overlay-type":"","overlay-color":"","overlay-opacity":"","overlay-gradient":""},"tablet":{"background-color":"var(--ast-global-color-5)","background-image":"","background-repeat":"repeat","background-position":"center center","background-size":"auto","background-attachment":"scroll","background-type":"","background-media":"","overlay-type":"","overlay-color":"","overlay-opacity":"","overlay-gradient":""},"mobile":{"background-color":"var(--ast-global-color-5)","background-image":"","background-repeat":"repeat","background-position":"center center","background-size":"auto","background-attachment":"scroll","background-type":"","background-media":"","overlay-type":"","overlay-color":"","overlay-opacity":"","overlay-gradient":""}}},"product_brand":[],"product_cat":[107],"product_tag":[],"class_list":{"0":"post-5536","1":"product","2":"type-product","3":"status-publish","4":"has-post-thumbnail","6":"product_cat-pneumatic-shunt-valve","7":"desktop-align-left","8":"tablet-align-left","9":"mobile-align-left","10":"ast-product-gallery-layout-horizontal-slider","11":"ast-product-gallery-with-no-image","12":"ast-product-tabs-layout-horizontal","14":"first","15":"instock","16":"shipping-taxable","17":"product-type-simple"},"_links":{"self":[{"href":"https:\/\/www.fdyairblower.com\/es\/wp-json\/wp\/v2\/product\/5536","targetHints":{"allow":["GET"]}}],"collection":[{"href":"https:\/\/www.fdyairblower.com\/es\/wp-json\/wp\/v2\/product"}],"about":[{"href":"https:\/\/www.fdyairblower.com\/es\/wp-json\/wp\/v2\/types\/product"}],"wp:featuredmedia":[{"embeddable":true,"href":"https:\/\/www.fdyairblower.com\/es\/wp-json\/wp\/v2\/media\/5539"}],"wp:attachment":[{"href":"https:\/\/www.fdyairblower.com\/es\/wp-json\/wp\/v2\/media?parent=5536"}],"wp:term":[{"taxonomy":"product_brand","embeddable":true,"href":"https:\/\/www.fdyairblower.com\/es\/wp-json\/wp\/v2\/product_brand?post=5536"},{"taxonomy":"product_cat","embeddable":true,"href":"https:\/\/www.fdyairblower.com\/es\/wp-json\/wp\/v2\/product_cat?post=5536"},{"taxonomy":"product_tag","embeddable":true,"href":"https:\/\/www.fdyairblower.com\/es\/wp-json\/wp\/v2\/product_tag?post=5536"}],"curies":[{"name":"wp","href":"https:\/\/api.w.org\/{rel}","templated":true}]}}