{"id":4463,"date":"2025-07-09T22:27:58","date_gmt":"2025-07-09T22:27:58","guid":{"rendered":"https:\/\/fdyairblower.com\/?page_id=4463"},"modified":"2026-01-07T04:23:03","modified_gmt":"2026-01-07T04:23:03","slug":"company-profile","status":"publish","type":"page","link":"https:\/\/www.fdyairblower.com\/es\/company-profile\/","title":{"rendered":"Perfil de la empresa"},"content":{"rendered":"<div data-elementor-type=\"wp-page\" data-elementor-id=\"4463\" class=\"elementor elementor-4463\" data-elementor-post-type=\"page\">\n\t\t\t\t<div class=\"elementor-element elementor-element-b8a908d e-con-full e-flex e-con e-parent\" data-id=\"b8a908d\" data-element_type=\"container\" data-e-type=\"container\">\n\t\t\t\t<div class=\"elementor-element elementor-element-b107296 elementor-widget elementor-widget-image\" data-id=\"b107296\" data-element_type=\"widget\" data-e-type=\"widget\" data-widget_type=\"image.default\">\n\t\t\t\t\t\t<div class=\"elementor-widget-container\">\n\t\t\t\t\t\t\t\t\t\t\t\t\t\t\t<img alt=\"\" fetchpriority=\"high\" decoding=\"async\" width=\"1920\" height=\"500\" src=\"https:\/\/www.fdyairblower.com\/wp-content\/uploads\/2025\/07\/lianxi.jpg\" class=\"attachment-full size-full wp-image-5097\" srcset=\"https:\/\/www.fdyairblower.com\/wp-content\/uploads\/2025\/07\/lianxi.jpg 1920w, https:\/\/www.fdyairblower.com\/wp-content\/uploads\/2025\/07\/lianxi-300x78.jpg 300w, https:\/\/www.fdyairblower.com\/wp-content\/uploads\/2025\/07\/lianxi-1024x267.jpg 1024w, https:\/\/www.fdyairblower.com\/wp-content\/uploads\/2025\/07\/lianxi-768x200.jpg 768w, https:\/\/www.fdyairblower.com\/wp-content\/uploads\/2025\/07\/lianxi-1536x400.jpg 1536w, https:\/\/www.fdyairblower.com\/wp-content\/uploads\/2025\/07\/lianxi-18x5.jpg 18w, https:\/\/www.fdyairblower.com\/wp-content\/uploads\/2025\/07\/lianxi-600x156.jpg 600w\" sizes=\"(max-width: 1920px) 100vw, 1920px\" \/>\t\t\t\t\t\t\t\t\t\t\t\t\t\t\t<\/div>\n\t\t\t\t<\/div>\n\t\t\t\t<\/div>\n\t\t<div class=\"elementor-element elementor-element-c09f18f e-flex e-con-boxed e-con e-parent\" data-id=\"c09f18f\" data-element_type=\"container\" data-e-type=\"container\">\n\t\t\t\t\t<div class=\"e-con-inner\">\n\t\t\t\t<div class=\"elementor-element elementor-element-8301e92 elementor-widget elementor-widget-text-editor\" data-id=\"8301e92\" data-element_type=\"widget\" data-e-type=\"widget\" data-widget_type=\"text-editor.default\">\n\t\t\t\t\t\t<div class=\"elementor-widget-container\">\n\t\t\t\t\t\t\t\t\t<p>Shandong Fudeyuan Environmental Protection Equipment Co., Ltd. es un excelente fabricante de soplantes Roots en China. Los sopladores Roots producidos por la empresa son adecuados para aplicaciones en tejido fundido, tratamiento de aguas residuales, acuicultura, transporte neum\u00e1tico, gases especiales, desulfuraci\u00f3n y eliminaci\u00f3n de polvo, petroqu\u00edmica, energ\u00eda e industrias del cemento. <br \/>Gracias a su ventajosa ubicaci\u00f3n geogr\u00e1fica y a las c\u00f3modas condiciones de transporte, Shandong Fudeyuan Environmental Protection Equipment Co. posee una gran capacidad de investigaci\u00f3n y desarrollo t\u00e9cnico, as\u00ed como de producci\u00f3n. Es una empresa que integra desarrollo, investigaci\u00f3n, fabricaci\u00f3n y venta.<\/p>\t\t\t\t\t\t\t\t<\/div>\n\t\t\t\t<\/div>\n\t\t\t\t<div class=\"elementor-element elementor-element-aebbc7f elementor-widget elementor-widget-image\" data-id=\"aebbc7f\" data-element_type=\"widget\" data-e-type=\"widget\" data-widget_type=\"image.default\">\n\t\t\t\t\t\t<div class=\"elementor-widget-container\">\n\t\t\t\t\t\t\t\t\t\t\t\t\t\t\t<img alt=\"\" decoding=\"async\" width=\"1000\" height=\"594\" src=\"https:\/\/www.fdyairblower.com\/wp-content\/uploads\/2026\/01\/fudeyuan1.jpg\" class=\"attachment-full size-full wp-image-5801\" srcset=\"https:\/\/www.fdyairblower.com\/wp-content\/uploads\/2026\/01\/fudeyuan1.jpg 1000w, https:\/\/www.fdyairblower.com\/wp-content\/uploads\/2026\/01\/fudeyuan1-300x178.jpg 300w, https:\/\/www.fdyairblower.com\/wp-content\/uploads\/2026\/01\/fudeyuan1-768x456.jpg 768w, https:\/\/www.fdyairblower.com\/wp-content\/uploads\/2026\/01\/fudeyuan1-18x12.jpg 18w, https:\/\/www.fdyairblower.com\/wp-content\/uploads\/2026\/01\/fudeyuan1-600x356.jpg 600w\" sizes=\"(max-width: 1000px) 100vw, 1000px\" \/>\t\t\t\t\t\t\t\t\t\t\t\t\t\t\t<\/div>\n\t\t\t\t<\/div>\n\t\t\t\t<div class=\"elementor-element elementor-element-768c49d elementor-widget elementor-widget-text-editor\" data-id=\"768c49d\" data-element_type=\"widget\" data-e-type=\"widget\" data-widget_type=\"text-editor.default\">\n\t\t\t\t\t\t<div class=\"elementor-widget-container\">\n\t\t\t\t\t\t\t\t\t<p>Nuestra empresa cuenta con un completo sistema de control de calidad, amplios m\u00e9todos de prueba y un s\u00f3lido sistema de ventas y servicio posventa, lo que garantiza que los usuarios puedan utilizar nuestros productos con confianza.<br \/>El principal producto de Shandong Fudeyuan Environmental Protection Equipment Co., Ltd. es el soplador Roots de tres palas, que est\u00e1 optimizado y dise\u00f1ado en base a la experiencia de nuestra empresa en el aprovechamiento de la experiencia nacional y extranjera en el dise\u00f1o de sopladores Roots. Su rango de volumen de aire es de 0.5m\u00b3\/min a 100m\u00b3\/min, y el rango de aumento de presi\u00f3n es de 9.8kPa a 59kPa. El producto est\u00e1 disponible en m\u00e1s de una docena de modelos y m\u00e1s de 100 especificaciones, y se caracteriza por su tama\u00f1o compacto, gran caudal, bajo nivel de ruido, funcionamiento estable y ausencia casi total de vibraciones en toda la m\u00e1quina.<br \/>Este producto se ha ganado el reconocimiento tanto de clientes nuevos como de antiguos. Aprovechando su amplia experiencia en dise\u00f1o y su estilo \u00fanico, se ha convertido en un pionero en la industria de los sopladores Roots.<\/p>\t\t\t\t\t\t\t\t<\/div>\n\t\t\t\t<\/div>\n\t\t\t\t<div class=\"elementor-element elementor-element-ae15a07 elementor-widget elementor-widget-image\" data-id=\"ae15a07\" data-element_type=\"widget\" data-e-type=\"widget\" data-widget_type=\"image.default\">\n\t\t\t\t\t\t<div class=\"elementor-widget-container\">\n\t\t\t\t\t\t\t\t\t\t\t\t\t\t\t<img alt=\"\" decoding=\"async\" width=\"1000\" height=\"489\" src=\"https:\/\/www.fdyairblower.com\/wp-content\/uploads\/2026\/01\/fudeyuan2.jpg\" class=\"attachment-full size-full wp-image-5802\" srcset=\"https:\/\/www.fdyairblower.com\/wp-content\/uploads\/2026\/01\/fudeyuan2.jpg 1000w, https:\/\/www.fdyairblower.com\/wp-content\/uploads\/2026\/01\/fudeyuan2-300x147.jpg 300w, https:\/\/www.fdyairblower.com\/wp-content\/uploads\/2026\/01\/fudeyuan2-768x376.jpg 768w, https:\/\/www.fdyairblower.com\/wp-content\/uploads\/2026\/01\/fudeyuan2-18x9.jpg 18w, https:\/\/www.fdyairblower.com\/wp-content\/uploads\/2026\/01\/fudeyuan2-600x293.jpg 600w\" sizes=\"(max-width: 1000px) 100vw, 1000px\" \/>\t\t\t\t\t\t\t\t\t\t\t\t\t\t\t<\/div>\n\t\t\t\t<\/div>\n\t\t\t\t\t<\/div>\n\t\t\t\t<\/div>\n\t\t\t\t<\/div>","protected":false},"excerpt":{"rendered":"<p>Shandong Fudeyuan Environmental Protection Equipment Co., Ltd. is an excellent manufacturer of Roots blower solutions in China. The Roots blowers produced by the company are suitable for applications in melt-blown fabric, wastewater treatment, aquaculture, pneumatic conveying, specialty gases, desulfurization and dust removal, petrochemical, power and cement industries. Relying on its advantageous geographical location and convenient [&hellip;]<\/p>","protected":false},"author":1,"featured_media":0,"parent":0,"menu_order":0,"comment_status":"closed","ping_status":"closed","template":"","meta":{"_seopress_robots_primary_cat":"","_seopress_titles_title":"","_seopress_titles_desc":"","_seopress_robots_index":"","site-sidebar-layout":"no-sidebar","site-content-layout":"page-builder","ast-site-content-layout":"full-width-container","site-content-style":"default","site-sidebar-style":"default","ast-global-header-display":"","ast-banner-title-visibility":"","ast-main-header-display":"","ast-hfb-above-header-display":"","ast-hfb-below-header-display":"","ast-hfb-mobile-header-display":"","site-post-title":"disabled","ast-breadcrumbs-content":"","ast-featured-img":"disabled","footer-sml-layout":"","ast-disable-related-posts":"","theme-transparent-header-meta":"","adv-header-id-meta":"","stick-header-meta":"","header-above-stick-meta":"","header-main-stick-meta":"","header-below-stick-meta":"","astra-migrate-meta-layouts":"set","ast-page-background-enabled":"default","ast-page-background-meta":{"desktop":{"background-color":"","background-image":"","background-repeat":"repeat","background-position":"center center","background-size":"auto","background-attachment":"scroll","background-type":"","background-media":"","overlay-type":"","overlay-color":"","overlay-opacity":"","overlay-gradient":""},"tablet":{"background-color":"","background-image":"","background-repeat":"repeat","background-position":"center center","background-size":"auto","background-attachment":"scroll","background-type":"","background-media":"","overlay-type":"","overlay-color":"","overlay-opacity":"","overlay-gradient":""},"mobile":{"background-color":"","background-image":"","background-repeat":"repeat","background-position":"center center","background-size":"auto","background-attachment":"scroll","background-type":"","background-media":"","overlay-type":"","overlay-color":"","overlay-opacity":"","overlay-gradient":""}},"ast-content-background-meta":{"desktop":{"background-color":"var(--ast-global-color-5)","background-image":"","background-repeat":"repeat","background-position":"center center","background-size":"auto","background-attachment":"scroll","background-type":"","background-media":"","overlay-type":"","overlay-color":"","overlay-opacity":"","overlay-gradient":""},"tablet":{"background-color":"var(--ast-global-color-5)","background-image":"","background-repeat":"repeat","background-position":"center center","background-size":"auto","background-attachment":"scroll","background-type":"","background-media":"","overlay-type":"","overlay-color":"","overlay-opacity":"","overlay-gradient":""},"mobile":{"background-color":"var(--ast-global-color-5)","background-image":"","background-repeat":"repeat","background-position":"center center","background-size":"auto","background-attachment":"scroll","background-type":"","background-media":"","overlay-type":"","overlay-color":"","overlay-opacity":"","overlay-gradient":""}},"footnotes":""},"class_list":["post-4463","page","type-page","status-publish","hentry"],"_links":{"self":[{"href":"https:\/\/www.fdyairblower.com\/es\/wp-json\/wp\/v2\/pages\/4463","targetHints":{"allow":["GET"]}}],"collection":[{"href":"https:\/\/www.fdyairblower.com\/es\/wp-json\/wp\/v2\/pages"}],"about":[{"href":"https:\/\/www.fdyairblower.com\/es\/wp-json\/wp\/v2\/types\/page"}],"author":[{"embeddable":true,"href":"https:\/\/www.fdyairblower.com\/es\/wp-json\/wp\/v2\/users\/1"}],"replies":[{"embeddable":true,"href":"https:\/\/www.fdyairblower.com\/es\/wp-json\/wp\/v2\/comments?post=4463"}],"version-history":[{"count":0,"href":"https:\/\/www.fdyairblower.com\/es\/wp-json\/wp\/v2\/pages\/4463\/revisions"}],"wp:attachment":[{"href":"https:\/\/www.fdyairblower.com\/es\/wp-json\/wp\/v2\/media?parent=4463"}],"curies":[{"name":"wp","href":"https:\/\/api.w.org\/{rel}","templated":true}]}}