{"id":4447,"date":"2025-07-09T22:22:44","date_gmt":"2025-07-09T22:22:44","guid":{"rendered":"https:\/\/fdyairblower.com\/?page_id=4447"},"modified":"2025-07-30T06:17:41","modified_gmt":"2025-07-30T06:17:41","slug":"quality-concept","status":"publish","type":"page","link":"https:\/\/www.fdyairblower.com\/es\/quality-concept\/","title":{"rendered":"Concepto de calidad"},"content":{"rendered":"<div data-elementor-type=\"wp-page\" data-elementor-id=\"4447\" class=\"elementor elementor-4447\" data-elementor-post-type=\"page\">\n\t\t\t\t<div class=\"elementor-element elementor-element-623262c e-con-full e-flex e-con e-parent\" data-id=\"623262c\" data-element_type=\"container\" data-e-type=\"container\">\n\t\t\t\t<div class=\"elementor-element elementor-element-0299b75 elementor-widget elementor-widget-image\" data-id=\"0299b75\" data-element_type=\"widget\" data-e-type=\"widget\" data-widget_type=\"image.default\">\n\t\t\t\t\t\t<div class=\"elementor-widget-container\">\n\t\t\t\t\t\t\t\t\t\t\t\t\t\t\t<img alt=\"\" fetchpriority=\"high\" decoding=\"async\" width=\"1920\" height=\"480\" src=\"https:\/\/www.fdyairblower.com\/wp-content\/uploads\/2025\/07\/zhiliang-1.jpg\" class=\"attachment-full size-full wp-image-5054\" srcset=\"https:\/\/www.fdyairblower.com\/wp-content\/uploads\/2025\/07\/zhiliang-1.jpg 1920w, https:\/\/www.fdyairblower.com\/wp-content\/uploads\/2025\/07\/zhiliang-1-300x75.jpg 300w, https:\/\/www.fdyairblower.com\/wp-content\/uploads\/2025\/07\/zhiliang-1-1024x256.jpg 1024w, https:\/\/www.fdyairblower.com\/wp-content\/uploads\/2025\/07\/zhiliang-1-768x192.jpg 768w, https:\/\/www.fdyairblower.com\/wp-content\/uploads\/2025\/07\/zhiliang-1-1536x384.jpg 1536w, https:\/\/www.fdyairblower.com\/wp-content\/uploads\/2025\/07\/zhiliang-1-18x5.jpg 18w, https:\/\/www.fdyairblower.com\/wp-content\/uploads\/2025\/07\/zhiliang-1-600x150.jpg 600w\" sizes=\"(max-width: 1920px) 100vw, 1920px\" \/>\t\t\t\t\t\t\t\t\t\t\t\t\t\t\t<\/div>\n\t\t\t\t<\/div>\n\t\t\t\t<\/div>\n\t\t<div class=\"elementor-element elementor-element-92340ca e-flex e-con-boxed e-con e-parent\" data-id=\"92340ca\" data-element_type=\"container\" data-e-type=\"container\">\n\t\t\t\t\t<div class=\"e-con-inner\">\n\t\t\t\t<div class=\"elementor-element elementor-element-211f46e elementor-widget elementor-widget-text-editor\" data-id=\"211f46e\" data-element_type=\"widget\" data-e-type=\"widget\" data-widget_type=\"text-editor.default\">\n\t\t\t\t\t\t<div class=\"elementor-widget-container\">\n\t\t\t\t\t\t\t\t\t<p>La calidad es la vida de una empresa y el tema eterno de la gesti\u00f3n empresarial. Aplicar la pol\u00edtica de \"el cliente primero\", \"la calidad primero\" y \"la mejora continua\" es nuestro eterno objetivo. La calidad de hoy ser\u00e1 el mercado de ma\u00f1ana.<\/p>\t\t\t\t\t\t\t\t<\/div>\n\t\t\t\t<\/div>\n\t\t\t\t<div class=\"elementor-element elementor-element-d53c01b elementor-widget elementor-widget-text-editor\" data-id=\"d53c01b\" data-element_type=\"widget\" data-e-type=\"widget\" data-widget_type=\"text-editor.default\">\n\t\t\t\t\t\t<div class=\"elementor-widget-container\">\n\t\t\t\t\t\t\t\t\t<p>La calidad es la imagen de una empresa, por lo que hay que poner en pr\u00e1ctica un punto de partida elevado, normas estrictas y recompensas y castigos rigurosos. Quien incumpla la marca de calidad del producto perder\u00e1 su empleo. La calidad es desinteresada y no tiene l\u00edmites.<\/p>\t\t\t\t\t\t\t\t<\/div>\n\t\t\t\t<\/div>\n\t\t\t\t<div class=\"elementor-element elementor-element-2b9a632 elementor-widget elementor-widget-text-editor\" data-id=\"2b9a632\" data-element_type=\"widget\" data-e-type=\"widget\" data-widget_type=\"text-editor.default\">\n\t\t\t\t\t\t<div class=\"elementor-widget-container\">\n\t\t\t\t\t\t\t\t\t<p>La calidad toma la satisfacci\u00f3n del usuario como el est\u00e1ndar m\u00e1s alto y satisface sus necesidades en la mayor medida posible, lo que constituye el pasaporte para los mercados nacionales y extranjeros. Construir una carrera por la calidad y ganar por la reputaci\u00f3n.<\/p>\t\t\t\t\t\t\t\t<\/div>\n\t\t\t\t<\/div>\n\t\t\t\t<div class=\"elementor-element elementor-element-0d8f709 elementor-widget elementor-widget-text-editor\" data-id=\"0d8f709\" data-element_type=\"widget\" data-e-type=\"widget\" data-widget_type=\"text-editor.default\">\n\t\t\t\t\t\t<div class=\"elementor-widget-container\">\n\t\t\t\t\t\t\t\t\t<p>La calidad es responsabilidad de todos los empleados. La calidad no es un asunto menor, y la responsabilidad es tan pesada como una monta\u00f1a. Debemos centrarnos en la fuente, el sistema legal y la aplicaci\u00f3n. El producto est\u00e1 en nuestras manos y la calidad est\u00e1 en nuestros corazones.<\/p>\t\t\t\t\t\t\t\t<\/div>\n\t\t\t\t<\/div>\n\t\t\t\t<div class=\"elementor-element elementor-element-5652b66 elementor-widget elementor-widget-text-editor\" data-id=\"5652b66\" data-element_type=\"widget\" data-e-type=\"widget\" data-widget_type=\"text-editor.default\">\n\t\t\t\t\t\t<div class=\"elementor-widget-container\">\n\t\t\t\t\t\t\t\t\t<p>La calidad es un reflejo global de la calidad de una empresa. El trabajo de calidad debe adaptarse a la nueva situaci\u00f3n, resolver nuevos problemas y esforzarse por alcanzar un nuevo nivel. A medida que mejora la calidad, las empresas aumentan su eficiencia.<\/p>\t\t\t\t\t\t\t\t<\/div>\n\t\t\t\t<\/div>\n\t\t\t\t\t<\/div>\n\t\t\t\t<\/div>\n\t\t\t\t<\/div>","protected":false},"excerpt":{"rendered":"<p>Quality concept Quality is the life of an enterprise and the eternal theme of enterprise management. Implementing the policy of customer first, quality first, and continuous improvement is our eternal pursuit. Today&#8217;s quality will be tomorrow&#8217;s market. Quality is the image of an enterprise, and a high starting point, high standards, and strict rewards and [&hellip;]<\/p>","protected":false},"author":1,"featured_media":0,"parent":0,"menu_order":0,"comment_status":"closed","ping_status":"closed","template":"","meta":{"_seopress_robots_primary_cat":"","_seopress_titles_title":"","_seopress_titles_desc":"","_seopress_robots_index":"","site-sidebar-layout":"no-sidebar","site-content-layout":"page-builder","ast-site-content-layout":"full-width-container","site-content-style":"default","site-sidebar-style":"default","ast-global-header-display":"","ast-banner-title-visibility":"","ast-main-header-display":"","ast-hfb-above-header-display":"","ast-hfb-below-header-display":"","ast-hfb-mobile-header-display":"","site-post-title":"disabled","ast-breadcrumbs-content":"","ast-featured-img":"disabled","footer-sml-layout":"","ast-disable-related-posts":"","theme-transparent-header-meta":"","adv-header-id-meta":"","stick-header-meta":"","header-above-stick-meta":"","header-main-stick-meta":"","header-below-stick-meta":"","astra-migrate-meta-layouts":"set","ast-page-background-enabled":"default","ast-page-background-meta":{"desktop":{"background-color":"","background-image":"","background-repeat":"repeat","background-position":"center center","background-size":"auto","background-attachment":"scroll","background-type":"","background-media":"","overlay-type":"","overlay-color":"","overlay-opacity":"","overlay-gradient":""},"tablet":{"background-color":"","background-image":"","background-repeat":"repeat","background-position":"center center","background-size":"auto","background-attachment":"scroll","background-type":"","background-media":"","overlay-type":"","overlay-color":"","overlay-opacity":"","overlay-gradient":""},"mobile":{"background-color":"","background-image":"","background-repeat":"repeat","background-position":"center center","background-size":"auto","background-attachment":"scroll","background-type":"","background-media":"","overlay-type":"","overlay-color":"","overlay-opacity":"","overlay-gradient":""}},"ast-content-background-meta":{"desktop":{"background-color":"var(--ast-global-color-5)","background-image":"","background-repeat":"repeat","background-position":"center center","background-size":"auto","background-attachment":"scroll","background-type":"","background-media":"","overlay-type":"","overlay-color":"","overlay-opacity":"","overlay-gradient":""},"tablet":{"background-color":"var(--ast-global-color-5)","background-image":"","background-repeat":"repeat","background-position":"center center","background-size":"auto","background-attachment":"scroll","background-type":"","background-media":"","overlay-type":"","overlay-color":"","overlay-opacity":"","overlay-gradient":""},"mobile":{"background-color":"var(--ast-global-color-5)","background-image":"","background-repeat":"repeat","background-position":"center center","background-size":"auto","background-attachment":"scroll","background-type":"","background-media":"","overlay-type":"","overlay-color":"","overlay-opacity":"","overlay-gradient":""}},"footnotes":""},"class_list":["post-4447","page","type-page","status-publish","hentry"],"_links":{"self":[{"href":"https:\/\/www.fdyairblower.com\/es\/wp-json\/wp\/v2\/pages\/4447","targetHints":{"allow":["GET"]}}],"collection":[{"href":"https:\/\/www.fdyairblower.com\/es\/wp-json\/wp\/v2\/pages"}],"about":[{"href":"https:\/\/www.fdyairblower.com\/es\/wp-json\/wp\/v2\/types\/page"}],"author":[{"embeddable":true,"href":"https:\/\/www.fdyairblower.com\/es\/wp-json\/wp\/v2\/users\/1"}],"replies":[{"embeddable":true,"href":"https:\/\/www.fdyairblower.com\/es\/wp-json\/wp\/v2\/comments?post=4447"}],"version-history":[{"count":0,"href":"https:\/\/www.fdyairblower.com\/es\/wp-json\/wp\/v2\/pages\/4447\/revisions"}],"wp:attachment":[{"href":"https:\/\/www.fdyairblower.com\/es\/wp-json\/wp\/v2\/media?parent=4447"}],"curies":[{"name":"wp","href":"https:\/\/api.w.org\/{rel}","templated":true}]}}